{"id":10,"date":"2020-02-11T19:45:32","date_gmt":"2020-02-11T19:45:32","guid":{"rendered":"https:\/\/stotzka-invest.com\/?page_id=10"},"modified":"2022-05-18T10:06:30","modified_gmt":"2022-05-18T10:06:30","slug":"hompage","status":"publish","type":"page","link":"https:\/\/stotzka-invest.com\/","title":{"rendered":"Homepage"},"content":{"rendered":"<p>[et_pb_section fb_built=&#8220;1&#8243; admin_label=&#8220;Hero&#8220; _builder_version=&#8220;4.3.2&#8243; background_image=&#8220;https:\/\/stotzka-invest.com\/wp-content\/uploads\/2020\/02\/Fotolia_76522405_L.jpg&#8220; min_height=&#8220;680px&#8220; custom_margin=&#8220;||1px|||&#8220; custom_padding=&#8220;0|0|0px||false|false&#8220;][\/et_pb_section][et_pb_section fb_built=&#8220;1&#8243; _builder_version=&#8220;4.3.2&#8243; min_height=&#8220;90px&#8220; custom_padding=&#8220;0px||2px|||&#8220;][et_pb_row _builder_version=&#8220;4.3.2&#8243;][et_pb_column type=&#8220;4_4&#8243; _builder_version=&#8220;4.3.2&#8243;][et_pb_blurb title=&#8220;\u25ce Stotzka Invest GmbH \u2022<br \/>\n    Eine Entscheidung f\u00fcr Ihre Zukunft!&#8220; content_max_width=&#8220;900px&#8220; _builder_version=&#8220;4.3.2&#8243; header_level=&#8220;h1&#8243; header_text_align=&#8220;center&#8220;][\/et_pb_blurb][\/et_pb_column][\/et_pb_row][\/et_pb_section][et_pb_section fb_built=&#8220;1&#8243; _builder_version=&#8220;4.3.2&#8243; custom_padding=&#8220;1px|||||&#8220;][et_pb_row column_structure=&#8220;1_2,1_2&#8243; _builder_version=&#8220;4.3.2&#8243;][et_pb_column type=&#8220;1_2&#8243; _builder_version=&#8220;4.3.2&#8243;][et_pb_text _builder_version=&#8220;4.3.2&#8243;]<\/p>\n<h2><span><b><i><span class=\"Apple-converted-space\">Wir investieren in innovative und nachhaltige Mittelstandsunternehmen <\/span><\/i><\/b><\/span><\/h2>\n<p><span><b><i><\/i><\/b><\/span><\/p>\n<p><span>\u00dcberzeugen Sie uns mit ihrem nachhaltigen, profitablen Businessmodell und gewinnen Sie uns als langfristigen Investor in Ihrem Unternehmen. Wir schauen uns sehr gerne interessante Beteiligungsm\u00f6glichkeiten an.<\/span><\/p>\n<p><span><\/span><\/p>\n<div class=\"\">Die <strong>Stotzka INVEST GmbH<\/strong> ist eine inhabergef\u00fchrte, private Beteiligungsgesellschaft mit Fokus auf Europ\u00e4ische wachstumsorientierte Mittelstandsunternehmen, welche in Ihrer Branche durch innovative Produkte zu den Marktf\u00fchrern geh\u00f6ren,\u00a0<\/div>\n<div class=\"\">sowie kleinen Aktiengesellschaften und Real Estate.<\/div>\n<p><span><\/span><\/p>\n<p>&nbsp;<\/p>\n<p>[\/et_pb_text][\/et_pb_column][et_pb_column type=&#8220;1_2&#8243; _builder_version=&#8220;4.3.2&#8243;][et_pb_text _builder_version=&#8220;4.3.2&#8243;]<\/p>\n<h2><span><b><i><span class=\"Apple-converted-space\">We invest in innovative and sustainable medium sized companies <\/span><\/i><\/b><\/span><\/h2>\n<p><span><b><i><\/i><\/b><\/span><\/p>\n<p><span>Convince us with your sustainable, profitable business model and win us as a longterm investor in your company. We are interested in diverse investment opportunities.<\/span><\/p>\n<p><span><\/span><\/p>\n<div class=\"\"><strong>Stotzka INVEST GmbH<\/strong> is a private owned family office with a focus on European growth orientated medium sized companies, which are due to their products market leader in their business area. We invest as well in small mid cap stocklisted companies<\/div>\n<div class=\"\">and Real Estate projects.<\/div>\n<p>&nbsp;<\/p>\n<p>[\/et_pb_text][\/et_pb_column][\/et_pb_row][\/et_pb_section][et_pb_section fb_built=&#8220;1&#8243; fullwidth=&#8220;on&#8220; _builder_version=&#8220;4.3.2&#8243;][et_pb_fullwidth_image src=&#8220;https:\/\/stotzka-invest.com\/wp-content\/uploads\/2020\/02\/Bernd_Stotzka-696&#215;457-1.jpg&#8220; _builder_version=&#8220;4.3.2&#8243; min_height=&#8220;320px&#8220; height=&#8220;400px&#8220; max_height=&#8220;1000px&#8220; custom_padding=&#8220;||0px|||&#8220; hover_enabled=&#8220;0&#8243; width=&#8220;40%&#8220; module_alignment=&#8220;center&#8220; max_width=&#8220;40%&#8220;][\/et_pb_fullwidth_image][\/et_pb_section][et_pb_section fb_built=&#8220;1&#8243; admin_label=&#8220;Services&#8220; _builder_version=&#8220;4.3.2&#8243; min_height=&#8220;195px&#8220; custom_margin=&#8220;||-132px|||&#8220; custom_padding=&#8220;0|0|1px|0px|false|false&#8220;][et_pb_row _builder_version=&#8220;4.3.2&#8243;][et_pb_column type=&#8220;4_4&#8243; _builder_version=&#8220;4.3.2&#8243;][et_pb_blurb title=&#8220;\u25ce Bernd Stotzka  \u2022 Gesch\u00e4ftsf\u00fchrer\/Ceo&#8220; content_max_width=&#8220;900px&#8220; _builder_version=&#8220;4.3.2&#8243; header_level=&#8220;h1&#8243; header_text_align=&#8220;center&#8220;][\/et_pb_blurb][\/et_pb_column][\/et_pb_row][\/et_pb_section][et_pb_section fb_built=&#8220;1&#8243; next_background_color=&#8220;#6b6b6b&#8220; admin_label=&#8220;Quote&#8220; _builder_version=&#8220;4.3.2&#8243; min_height=&#8220;89px&#8220; custom_margin=&#8220;40px|||||&#8220; custom_padding=&#8220;3px|0px|0px|0px|false|false&#8220; bottom_divider_style=&#8220;slant&#8220; bottom_divider_flip=&#8220;horizontal&#8220;][\/et_pb_section][et_pb_section fb_built=&#8220;1&#8243; _builder_version=&#8220;4.3.2&#8243; background_color=&#8220;#6b6b6b&#8220; top_divider_style=&#8220;slant&#8220; top_divider_color=&#8220;#6b6b6b&#8220;][et_pb_row column_structure=&#8220;1_3,2_3&#8243; use_custom_gutter=&#8220;on&#8220; gutter_width=&#8220;1&#8243; make_equal=&#8220;on&#8220; padding_top_bottom_link_1=&#8220;true&#8220; padding_top_bottom_link_2=&#8220;true&#8220; padding_left_right_link_1=&#8220;true&#8220; padding_left_right_link_2=&#8220;false&#8220; module_class=&#8220; et_pb_row_fullwidth&#8220; _builder_version=&#8220;4.3.2&#8243; background_color=&#8220;#efefef&#8220; width=&#8220;100%&#8220; width_tablet=&#8220;100%&#8220; width_phone=&#8220;&#8220; width_last_edited=&#8220;on|desktop&#8220; max_width=&#8220;100%&#8220; max_width_tablet=&#8220;100%&#8220; max_width_phone=&#8220;&#8220; max_width_last_edited=&#8220;on|desktop&#8220; custom_padding=&#8220;0|0px|0|0px|false|false&#8220; make_fullwidth=&#8220;on&#8220;][et_pb_column type=&#8220;1_3&#8243; _builder_version=&#8220;4.3.2&#8243; background_color=&#8220;#6b6b6b&#8220; custom_padding=&#8220;40px|40px|40px|40px&#8220; custom_padding_phone=&#8220;|50px||50px||true&#8220; custom_padding_last_edited=&#8220;off|desktop&#8220; padding_phone=&#8220;|50px||50px||true&#8220; padding_last_edited=&#8220;off|desktop&#8220; custom_padding__hover=&#8220;|||&#8220;][\/et_pb_column][et_pb_column type=&#8220;2_3&#8243; _builder_version=&#8220;4.3.2&#8243; background_color=&#8220;#8f8f8f&#8220; custom_padding=&#8220;40px|80px|40px|80px&#8220; custom_padding_tablet=&#8220;&#8220; custom_padding_phone=&#8220;|50px||50px||true&#8220; custom_padding_last_edited=&#8220;on|desktop&#8220; padding_phone=&#8220;|50px||50px||true&#8220; padding_last_edited=&#8220;on|desktop&#8220; custom_padding__hover=&#8220;|||&#8220;][et_pb_text _builder_version=&#8220;4.3.2&#8243; text_font=&#8220;||||||||&#8220; text_text_color=&#8220;rgba(0,0,0,0.3)&#8220; quote_font=&#8220;||||||||&#8220; header_4_font=&#8220;|800||on|||||&#8220; header_4_font_size=&#8220;16px&#8220; header_4_letter_spacing=&#8220;0.5px&#8220; header_4_line_height=&#8220;1.7em&#8220; header_5_font=&#8220;|800|||||||&#8220; header_5_text_color=&#8220;#f25b3a&#8220; header_5_font_size=&#8220;24px&#8220; header_5_line_height=&#8220;1.8em&#8220; custom_margin=&#8220;||30px|&#8220; custom_padding=&#8220;|||&#8220; header_5_font_size_tablet=&#8220;&#8220; header_5_font_size_phone=&#8220;18px&#8220; header_5_font_size_last_edited=&#8220;on|phone&#8220; locked=&#8220;off&#8220;]<\/p>\n<h4 data-placeholder=\"\u00dcbersetzung\" id=\"tw-target-text\" dir=\"ltr\"><span lang=\"de\">STARTEN SIE MIT EINEM KOSTENLOSEN ANGEBOT F\u00dcR IHR PROJEKT<\/span><\/h4>\n<p>[\/et_pb_text][et_pb_contact_form email=&#8220;stotzka@stotzka-invest.com&#8220; custom_message=&#8220;%%message%%&#8220; submit_button_text=&#8220;Email absenden&#8220; module_id=&#8220;et_pb_contact_form_1&#8243; _builder_version=&#8220;4.3.2&#8243; form_field_font=&#8220;Open Sans||||||||&#8220; form_field_font_size=&#8220;16px&#8220; form_field_line_height=&#8220;2em&#8220; custom_button=&#8220;on&#8220; button_text_size=&#8220;16px&#8220; button_text_color=&#8220;#f25b3a&#8220; button_border_width=&#8220;0px&#8220; button_border_radius=&#8220;0px&#8220; button_letter_spacing=&#8220;1px&#8220; button_font=&#8220;Roboto|700||on|||||&#8220; button_use_icon=&#8220;off&#8220; border_width_all=&#8220;2px&#8220; border_color_all=&#8220;rgba(0,0,0,0.15)&#8220; button_border_radius_hover=&#8220;0px&#8220; button_letter_spacing_hover=&#8220;1px&#8220;][et_pb_contact_field field_id=&#8220;Email&#8220; field_title=&#8220;Email Adresse&#8220; field_type=&#8220;email&#8220; _builder_version=&#8220;4.3.2&#8243; box_shadow_style=&#8220;preset2&#8243; box_shadow_blur=&#8220;30px&#8220; button_text_size__hover_enabled=&#8220;off&#8220; button_one_text_size__hover_enabled=&#8220;off&#8220; button_two_text_size__hover_enabled=&#8220;off&#8220; button_text_color__hover_enabled=&#8220;off&#8220; button_one_text_color__hover_enabled=&#8220;off&#8220; button_two_text_color__hover_enabled=&#8220;off&#8220; button_border_width__hover_enabled=&#8220;off&#8220; button_one_border_width__hover_enabled=&#8220;off&#8220; button_two_border_width__hover_enabled=&#8220;off&#8220; button_border_color__hover_enabled=&#8220;off&#8220; button_one_border_color__hover_enabled=&#8220;off&#8220; button_two_border_color__hover_enabled=&#8220;off&#8220; button_border_radius__hover_enabled=&#8220;off&#8220; button_one_border_radius__hover_enabled=&#8220;off&#8220; button_two_border_radius__hover_enabled=&#8220;off&#8220; button_letter_spacing__hover_enabled=&#8220;off&#8220; button_one_letter_spacing__hover_enabled=&#8220;off&#8220; button_two_letter_spacing__hover_enabled=&#8220;off&#8220; button_bg_color__hover_enabled=&#8220;off&#8220; button_one_bg_color__hover_enabled=&#8220;off&#8220; button_two_bg_color__hover_enabled=&#8220;off&#8220;][\/et_pb_contact_field][et_pb_contact_field field_id=&#8220;Message&#8220; field_title=&#8220;Kurze Beschreibung Ihres Projekts&#8220; field_type=&#8220;text&#8220; fullwidth_field=&#8220;on&#8220; _builder_version=&#8220;4.3.2&#8243; button_text_size__hover_enabled=&#8220;off&#8220; button_one_text_size__hover_enabled=&#8220;off&#8220; button_two_text_size__hover_enabled=&#8220;off&#8220; button_text_color__hover_enabled=&#8220;off&#8220; button_one_text_color__hover_enabled=&#8220;off&#8220; button_two_text_color__hover_enabled=&#8220;off&#8220; button_border_width__hover_enabled=&#8220;off&#8220; button_one_border_width__hover_enabled=&#8220;off&#8220; button_two_border_width__hover_enabled=&#8220;off&#8220; button_border_color__hover_enabled=&#8220;off&#8220; button_one_border_color__hover_enabled=&#8220;off&#8220; button_two_border_color__hover_enabled=&#8220;off&#8220; button_border_radius__hover_enabled=&#8220;off&#8220; button_one_border_radius__hover_enabled=&#8220;off&#8220; button_two_border_radius__hover_enabled=&#8220;off&#8220; button_letter_spacing__hover_enabled=&#8220;off&#8220; button_one_letter_spacing__hover_enabled=&#8220;off&#8220; button_two_letter_spacing__hover_enabled=&#8220;off&#8220; button_bg_color__hover_enabled=&#8220;off&#8220; button_one_bg_color__hover_enabled=&#8220;off&#8220; button_two_bg_color__hover_enabled=&#8220;off&#8220;][\/et_pb_contact_field][\/et_pb_contact_form][\/et_pb_column][\/et_pb_row][\/et_pb_section]<\/p>\n","protected":false},"excerpt":{"rendered":"<p>[et_pb_section fb_built=&#8220;1&#8243; admin_label=&#8220;Hero&#8220; _builder_version=&#8220;4.3.2&#8243; background_image=&#8220;https:\/\/stotzka-invest.com\/wp-content\/uploads\/2020\/02\/Fotolia_76522405_L.jpg&#8220; min_height=&#8220;680px&#8220; custom_margin=&#8220;||1px|||&#8220; custom_padding=&#8220;0|0|0px||false|false&#8220;][\/et_pb_section][et_pb_section fb_built=&#8220;1&#8243; _builder_version=&#8220;4.3.2&#8243; min_height=&#8220;90px&#8220; custom_padding=&#8220;0px||2px|||&#8220;][et_pb_row _builder_version=&#8220;4.3.2&#8243;][et_pb_column type=&#8220;4_4&#8243; _builder_version=&#8220;4.3.2&#8243;][et_pb_blurb title=&#8220;\u25ce Stotzka Invest GmbH \u2022 Eine Entscheidung f\u00fcr Ihre Zukunft!&#8220; content_max_width=&#8220;900px&#8220; _builder_version=&#8220;4.3.2&#8243; header_level=&#8220;h1&#8243; header_text_align=&#8220;center&#8220;][\/et_pb_blurb][\/et_pb_column][\/et_pb_row][\/et_pb_section][et_pb_section fb_built=&#8220;1&#8243; _builder_version=&#8220;4.3.2&#8243; custom_padding=&#8220;1px|||||&#8220;][et_pb_row column_structure=&#8220;1_2,1_2&#8243; _builder_version=&#8220;4.3.2&#8243;][et_pb_column type=&#8220;1_2&#8243; _builder_version=&#8220;4.3.2&#8243;][et_pb_text _builder_version=&#8220;4.3.2&#8243;] Wir investieren in innovative und nachhaltige Mittelstandsunternehmen \u00dcberzeugen Sie uns mit ihrem nachhaltigen, profitablen Businessmodell und gewinnen Sie [&hellip;]<\/p>\n","protected":false},"author":1,"featured_media":0,"parent":0,"menu_order":0,"comment_status":"closed","ping_status":"closed","template":"","meta":{"_et_pb_use_builder":"on","_et_pb_old_content":"","_et_gb_content_width":"","footnotes":""},"class_list":["post-10","page","type-page","status-publish","hentry"],"_links":{"self":[{"href":"https:\/\/stotzka-invest.com\/index.php?rest_route=\/wp\/v2\/pages\/10","targetHints":{"allow":["GET"]}}],"collection":[{"href":"https:\/\/stotzka-invest.com\/index.php?rest_route=\/wp\/v2\/pages"}],"about":[{"href":"https:\/\/stotzka-invest.com\/index.php?rest_route=\/wp\/v2\/types\/page"}],"author":[{"embeddable":true,"href":"https:\/\/stotzka-invest.com\/index.php?rest_route=\/wp\/v2\/users\/1"}],"replies":[{"embeddable":true,"href":"https:\/\/stotzka-invest.com\/index.php?rest_route=%2Fwp%2Fv2%2Fcomments&post=10"}],"version-history":[{"count":26,"href":"https:\/\/stotzka-invest.com\/index.php?rest_route=\/wp\/v2\/pages\/10\/revisions"}],"predecessor-version":[{"id":169,"href":"https:\/\/stotzka-invest.com\/index.php?rest_route=\/wp\/v2\/pages\/10\/revisions\/169"}],"wp:attachment":[{"href":"https:\/\/stotzka-invest.com\/index.php?rest_route=%2Fwp%2Fv2%2Fmedia&parent=10"}],"curies":[{"name":"wp","href":"https:\/\/api.w.org\/{rel}","templated":true}]}}